{"id":561,"date":"2023-09-24T18:49:11","date_gmt":"2023-09-24T21:49:11","guid":{"rendered":"https:\/\/www.viejohotelostende.com.ar\/home\/?page_id=561"},"modified":"2025-09-25T12:32:20","modified_gmt":"2025-09-25T15:32:20","slug":"contactenos","status":"publish","type":"page","link":"https:\/\/www.viejohotelostende.com.ar\/home\/es\/contactenos\/","title":{"rendered":"Cont\u00e1ctenos"},"content":{"rendered":"<section class=\"wpb-content-wrapper\">[vc_row css_animation=\u00bb\u00bb row_type=\u00bbrow\u00bb use_row_as_full_screen_section=\u00bbno\u00bb type=\u00bbfull_width\u00bb angled_section=\u00bbno\u00bb text_align=\u00bbcenter\u00bb background_image_as_pattern=\u00bbwithout_pattern\u00bb z_index=\u00bb\u00bb][vc_column offset=\u00bbvc_hidden-lg vc_hidden-md vc_hidden-sm\u00bb][vc_row_inner row_type=\u00bbrow\u00bb type=\u00bbgrid\u00bb text_align=\u00bbcenter\u00bb css_animation=\u00bb\u00bb css=\u00bb.vc_custom_1695595244381{margin-right: 0px !important;margin-left: 0px !important;background-image: url(https:\/\/www.viejohotelostende.com.ar\/home\/wp-content\/uploads\/bn_contacto.jpg?id=566) !important;}\u00bb el_class=\u00bbbanner\u00bb][vc_column_inner][vc_column_text]\n<h1>Contacto y Reservas<\/h1>\n[\/vc_column_text][\/vc_column_inner][\/vc_row_inner][\/vc_column][\/vc_row][vc_row css_animation=\u00bb\u00bb row_type=\u00bbrow\u00bb use_row_as_full_screen_section=\u00bbno\u00bb type=\u00bbgrid\u00bb angled_section=\u00bbno\u00bb text_align=\u00bbcenter\u00bb background_image_as_pattern=\u00bbwithout_pattern\u00bb css=\u00bb.vc_custom_1695402231717{padding-bottom: 55px !important;}\u00bb z_index=\u00bb\u00bb][vc_column][vc_row_inner row_type=\u00bbrow\u00bb type=\u00bbgrid\u00bb text_align=\u00bbcenter\u00bb css_animation=\u00bb\u00bb css=\u00bb.vc_custom_1696019855027{margin-right: 0px !important;margin-left: 0px !important;background-image: url(https:\/\/www.viejohotelostende.com.ar\/home\/wp-content\/uploads\/bn_contacto.jpg?id=566) !important;}\u00bb el_class=\u00bbbanner bannerdesktop\u00bb][vc_column_inner][vc_column_text]\n<h1>Contacto y Reservas<\/h1>\n[\/vc_column_text][\/vc_column_inner][\/vc_row_inner][vc_empty_space][vc_row_inner row_type=\u00bbrow\u00bb type=\u00bbfull_width\u00bb text_align=\u00bbleft\u00bb css_animation=\u00bb\u00bb][vc_column_inner width=\u00bb2\/3&#8243;][vc_column_text el_class=\u00bbtexto\u00bb]En el VHO trabajamos con reservas personalizadas. Tenemos un plan para cada hu\u00e9sped.<\/p>\n<p>Puede comunicarse a nuestra oficina en la Ciudad de Buenos Aires:<\/p>\n<p>Sarmiento 747 piso 6 A<br \/>\nC1041AAO Buenos Aires, Argentina<br \/>\nTel\/Fax (54 11) 4327 1093 \/ 4326 6461<br \/>\nHorario: de lunes a viernes de 10 a 18 hs.<\/p>\n<p>Puede consultar por correo electr\u00f3nico a\u00a0<a href=\"mailto:info@hotelostende.com.ar\">info@hotelostende.com.ar<\/a>\u00a0y les responderemos a la brevedad.[\/vc_column_text][vc_column_text el_class=\u00bbtexto\u00bb]\n<h2>Pol\u00edtica de cancelaci\u00f3n<\/h2>\n[\/vc_column_text][vc_column_text el_class=\u00bbtexto\u00bb]El hotel aplica cargos por cancelaciones y\/o modificaciones de las reservas. Estos cargos var\u00edan de acuerdo a la anticipaci\u00f3n y a la tarifa promocional con las que fueron abonadas las reservas.<\/p>\n<p>Consultar las fechas de validez y utilizaci\u00f3n de las notas de cr\u00e9dito seg\u00fan los mismos par\u00e1metros, es decir, fecha de reserva y tarifa aplicada.[\/vc_column_text][\/vc_column_inner][vc_column_inner width=\u00bb1\/3&#8243;][vc_column_text el_class=\u00bbpanel texto textopanel\u00bb]\n<h3><i class=\"fa fa-envelope-o\"><\/i>Bolet\u00edn<\/h3>\n<p>Reciba en su casilla de correo electr\u00f3nico las novedades del hotel, informaci\u00f3n sobre actividades y promociones.<\/p>\n<p><a class=\"action\" style=\"display: none;\" href=\"https:\/\/app2.fromdoppler.com\/Lists\/FormProcessing\/Form?idForm=lm4dyl8OLdHTOxXNZpsnKw%3d%3d\">Suscr\u00edbase<\/a><\/p>\n<p><iframe class=\"ipz-iframe\" src=\"https:\/\/viejohotelostende.ipzmarketing.com\/f\/8FHYnEUGH-g\" width=\"100%\" frameborder=\"0\" scrolling=\"no\" data-skip-lazy=\"\"><\/iframe><br \/>\n<script data-cfasync=\"false\" type=\"text\/javascript\" src=\"https:\/\/assets.ipzmarketing.com\/assets\/signup_form\/iframe_v1.js\"><\/script>[\/vc_column_text][\/vc_column_inner][\/vc_row_inner][\/vc_column][\/vc_row]\n<\/section>","protected":false},"excerpt":{"rendered":"<p>[vc_row css_animation=\u00bb\u00bb row_type=\u00bbrow\u00bb use_row_as_full_screen_section=\u00bbno\u00bb type=\u00bbfull_width\u00bb angled_section=\u00bbno\u00bb text_align=\u00bbcenter\u00bb background_image_as_pattern=\u00bbwithout_pattern\u00bb z_index=\u00bb\u00bb][vc_column offset=\u00bbvc_hidden-lg vc_hidden-md vc_hidden-sm\u00bb][vc_row_inner row_type=\u00bbrow\u00bb type=\u00bbgrid\u00bb text_align=\u00bbcenter\u00bb css_animation=\u00bb\u00bb css=\u00bb.vc_custom_1695595244381{margin-right: 0px !important;margin-left: 0px !important;background-image: url(https:\/\/www.viejohotelostende.com.ar\/home\/wp-content\/uploads\/bn_contacto.jpg?id=566) !important;}\u00bb el_class=\u00bbbanner\u00bb][vc_column_inner][vc_column_text] Contacto y Reservas [\/vc_column_text][\/vc_column_inner][\/vc_row_inner][\/vc_column][\/vc_row][vc_row css_animation=\u00bb\u00bb row_type=\u00bbrow\u00bb use_row_as_full_screen_section=\u00bbno\u00bb type=\u00bbgrid\u00bb angled_section=\u00bbno\u00bb text_align=\u00bbcenter\u00bb background_image_as_pattern=\u00bbwithout_pattern\u00bb css=\u00bb.vc_custom_1695402231717{padding-bottom: 55px !important;}\u00bb z_index=\u00bb\u00bb][vc_column][vc_row_inner row_type=\u00bbrow\u00bb type=\u00bbgrid\u00bb text_align=\u00bbcenter\u00bb css_animation=\u00bb\u00bb css=\u00bb.vc_custom_1696019855027{margin-right: 0px&#8230;<\/p>\n","protected":false},"author":1,"featured_media":0,"parent":0,"menu_order":0,"comment_status":"closed","ping_status":"closed","template":"full_width.php","meta":{"inline_featured_image":false,"footnotes":""},"class_list":["post-561","page","type-page","status-publish","hentry"],"_links":{"self":[{"href":"https:\/\/www.viejohotelostende.com.ar\/home\/wp-json\/wp\/v2\/pages\/561"}],"collection":[{"href":"https:\/\/www.viejohotelostende.com.ar\/home\/wp-json\/wp\/v2\/pages"}],"about":[{"href":"https:\/\/www.viejohotelostende.com.ar\/home\/wp-json\/wp\/v2\/types\/page"}],"author":[{"embeddable":true,"href":"https:\/\/www.viejohotelostende.com.ar\/home\/wp-json\/wp\/v2\/users\/1"}],"replies":[{"embeddable":true,"href":"https:\/\/www.viejohotelostende.com.ar\/home\/wp-json\/wp\/v2\/comments?post=561"}],"version-history":[{"count":15,"href":"https:\/\/www.viejohotelostende.com.ar\/home\/wp-json\/wp\/v2\/pages\/561\/revisions"}],"predecessor-version":[{"id":1065,"href":"https:\/\/www.viejohotelostende.com.ar\/home\/wp-json\/wp\/v2\/pages\/561\/revisions\/1065"}],"wp:attachment":[{"href":"https:\/\/www.viejohotelostende.com.ar\/home\/wp-json\/wp\/v2\/media?parent=561"}],"curies":[{"name":"wp","href":"https:\/\/api.w.org\/{rel}","templated":true}]}}