{"id":464,"date":"2023-09-24T15:23:37","date_gmt":"2023-09-24T18:23:37","guid":{"rendered":"https:\/\/www.viejohotelostende.com.ar\/home\/?page_id=464"},"modified":"2023-10-06T13:39:31","modified_gmt":"2023-10-06T16:39:31","slug":"centenario","status":"publish","type":"page","link":"https:\/\/www.viejohotelostende.com.ar\/home\/es\/centenario\/","title":{"rendered":"Historia"},"content":{"rendered":"<section class=\"wpb-content-wrapper\">[vc_row css_animation=\u00bb\u00bb row_type=\u00bbrow\u00bb use_row_as_full_screen_section=\u00bbno\u00bb type=\u00bbfull_width\u00bb angled_section=\u00bbno\u00bb text_align=\u00bbcenter\u00bb background_image_as_pattern=\u00bbwithout_pattern\u00bb z_index=\u00bb\u00bb][vc_column offset=\u00bbvc_hidden-lg vc_hidden-md vc_hidden-sm\u00bb][vc_row_inner row_type=\u00bbrow\u00bb type=\u00bbgrid\u00bb text_align=\u00bbcenter\u00bb css_animation=\u00bb\u00bb css=\u00bb.vc_custom_1695580380231{margin-right: 0px !important;margin-left: 0px !important;background-image: url(https:\/\/www.viejohotelostende.com.ar\/home\/wp-content\/uploads\/bn_100.jpg?id=470) !important;}\u00bb el_class=\u00bbbanner\u00bb][vc_column_inner][vc_column_text]\n<h1>Historia<\/h1>\n[\/vc_column_text][\/vc_column_inner][\/vc_row_inner][\/vc_column][\/vc_row][vc_row css_animation=\u00bb\u00bb row_type=\u00bbrow\u00bb use_row_as_full_screen_section=\u00bbno\u00bb type=\u00bbgrid\u00bb angled_section=\u00bbno\u00bb text_align=\u00bbcenter\u00bb background_image_as_pattern=\u00bbwithout_pattern\u00bb css=\u00bb.vc_custom_1695402231717{padding-bottom: 55px !important;}\u00bb z_index=\u00bb\u00bb][vc_column][vc_row_inner row_type=\u00bbrow\u00bb type=\u00bbgrid\u00bb text_align=\u00bbcenter\u00bb css_animation=\u00bb\u00bb css=\u00bb.vc_custom_1696013224913{margin-right: 0px !important;margin-left: 0px !important;background-image: url(https:\/\/www.viejohotelostende.com.ar\/home\/wp-content\/uploads\/bn_100.jpg?id=470) !important;}\u00bb el_class=\u00bbbanner bannerdesktop\u00bb][vc_column_inner][vc_column_text]\n<h1>Historia<\/h1>\n[\/vc_column_text][\/vc_column_inner][\/vc_row_inner][vc_row_inner row_type=\u00bbrow\u00bb type=\u00bbfull_width\u00bb text_align=\u00bbleft\u00bb css_animation=\u00bb\u00bb][vc_column_inner][vc_empty_space][vc_column_text el_class=\u00bbtexto\u00bb]\n<h2>Testigo de un siglo<\/h2>\n[\/vc_column_text][vc_column_text el_class=\u00bbtexto\u00bb]El 21 de marzo de 1913, la Revista Fray Mocho comenta con lujo de detalle la creaci\u00f3n de Ostende, una fabulosa villa balnearia en la costa atl\u00e1ntica.<\/p>\n<p>Pocos d\u00edas despu\u00e9s, el 6 de abril de 1913, el balneario es fundado oficialmente ante centenares de personas atra\u00eddas por los anuncios que invitaban a conocer el magn\u00edfico emprendimiento. Desde entonces, Ostende es un lugar privilegiado y se ha convertido en el favorito de muchos argentinos.[\/vc_column_text][vc_column_text el_class=\u00bbtexto\u00bb]\n<h2>M\u00e1s atr\u00e1s en el tiempo<\/h2>\n[\/vc_column_text][vc_column_text el_class=\u00bbtexto\u00bb]Para bucear en esta historia, es necesario remontarse al siglo XIX. La zona pertenec\u00eda a don Mart\u00edn de \u00c1lzaga, casado con Felicitas Guerrero, una bella joven de la alta sociedad porte\u00f1a. A la muerte de don Mart\u00edn, en 1870, Felicitas hereda sus tierras y con ellas las estancias Bella Vista, La Postrera y Laguna de Juancho. Pero Felicitas muere en 1872 v\u00edctima de un femicidio.<\/p>\n<p>Al no tener descendencia, las tierras pasan a ser propiedad de su padre, don Carlos Guerrero, y a la muerte de \u00e9ste y de su esposa, Felicitas Cueto, los siete hijos del matrimonio heredan los campos. De la subdivisi\u00f3n realizada en 1886, los 25 km de playas y m\u00e9danos costeros quedan divididos entre las estancias Mart\u00edn Garc\u00eda, La Invernada, El Rosario y Manantiales, propiedad de Manuel y Enrique Guerrero. Poco tiempo despu\u00e9s, las tierras pasan a manos de Jos\u00e9 Guerrero.[\/vc_column_text][\/vc_column_inner][\/vc_row_inner][vc_row_inner row_type=\u00bbrow\u00bb type=\u00bbfull_width\u00bb text_align=\u00bbleft\u00bb css_animation=\u00bb\u00bb][vc_column_inner][qode_content_slider auto_rotate=\u00bb10&#8243; enable_drag=\u00bbyes\u00bb direction_nav=\u00bbyes\u00bb control_nav=\u00bbno\u00bb control_nav_justify=\u00bbno\u00bb pause_on_hover=\u00bbno\u00bb][qode_content_slider_item]<div class=\"image_with_text\"><img decoding=\"async\" itemprop=\"image\" src=\"https:\/\/www.viejohotelostende.com.ar\/home\/wp-content\/uploads\/100anios_00-1.jpg\" alt=\"Playa y muelle de Ostende, circa 1940 (Archivo B\u00f6hm)\" \/><h4 >Playa y muelle de Ostende, circa 1940 (Archivo B\u00f6hm)<\/h4><span style=\"margin: 6px 0px;\" class=\"separator transparent\"><\/span><\/div>[\/qode_content_slider_item][qode_content_slider_item]<div class=\"image_with_text\"><img decoding=\"async\" itemprop=\"image\" src=\"https:\/\/www.viejohotelostende.com.ar\/home\/wp-content\/uploads\/100anios_01-1.jpg\" alt=\"Colocaci\u00f3n de la piedra fundamental del balneario, abril 1913 (Archivo Municipal de Madariaga)\" \/><h4 >Colocaci\u00f3n de la piedra fundamental del balneario, abril 1913 (Archivo Municipal de Madariaga)<\/h4><span style=\"margin: 6px 0px;\" class=\"separator transparent\"><\/span><\/div>[\/qode_content_slider_item][qode_content_slider_item]<div class=\"image_with_text\"><img decoding=\"async\" itemprop=\"image\" src=\"https:\/\/www.viejohotelostende.com.ar\/home\/wp-content\/uploads\/100anios_02.jpg\" alt=\"Aviso publicitario del balneario, Semanario P.B.T. 1913 (Archivo VHO)\" \/><h4 >Aviso publicitario del balneario, Semanario P.B.T. 1913 (Archivo VHO)<\/h4><span style=\"margin: 6px 0px;\" class=\"separator transparent\"><\/span><\/div>[\/qode_content_slider_item][qode_content_slider_item]<div class=\"image_with_text\"><img decoding=\"async\" itemprop=\"image\" src=\"https:\/\/www.viejohotelostende.com.ar\/home\/wp-content\/uploads\/100anios_03.jpg\" alt=\"Aviso publicitario d\u00e9cada del 30 (Archivo Municipal Madariaga)\" \/><h4 >Aviso publicitario d\u00e9cada del 30 (Archivo Municipal Madariaga)<\/h4><span style=\"margin: 6px 0px;\" class=\"separator transparent\"><\/span><\/div>[\/qode_content_slider_item][qode_content_slider_item]<div class=\"image_with_text\"><img decoding=\"async\" itemprop=\"image\" src=\"https:\/\/www.viejohotelostende.com.ar\/home\/wp-content\/uploads\/100anios_04.jpg\" alt=\"(1927) Varones de veraneo, 1927 (Archivo Ruau)\" \/><h4 >(1927) Varones de veraneo, 1927 (Archivo Ruau)<\/h4><span style=\"margin: 6px 0px;\" class=\"separator transparent\"><\/span><\/div>[\/qode_content_slider_item][qode_content_slider_item]<div class=\"image_with_text\"><img decoding=\"async\" itemprop=\"image\" src=\"https:\/\/www.viejohotelostende.com.ar\/home\/wp-content\/uploads\/100anios_05.jpg\" alt=\"El edificio del VHO con su fachada todav\u00eda sin revocar, circa 1935 (Archivo Picollo)\" \/><h4 >El edificio del VHO con su fachada todav\u00eda sin revocar, circa 1935 (Archivo Picollo)<\/h4><span style=\"margin: 6px 0px;\" class=\"separator transparent\"><\/span><\/div>[\/qode_content_slider_item][\/qode_content_slider][\/vc_column_inner][\/vc_row_inner][vc_row_inner row_type=\u00bbrow\u00bb type=\u00bbfull_width\u00bb text_align=\u00bbleft\u00bb css_animation=\u00bb\u00bb][vc_column_inner][vc_column_text]\n<hr \/>\n[\/vc_column_text][vc_empty_space][vc_column_text el_class=\u00bbtexto\u00bb]\n<h2>En tren, llega la modernidad<\/h2>\n[\/vc_column_text][vc_column_text el_class=\u00bbtexto\u00bb]En 1908, el Ferrocarril del Sud habilita una parada ferroviaria con el nombre de Estaci\u00f3n Juancho dentro del campo de Jos\u00e9 Guerrero, a unos 29 km del mar. La zona, desde General Madariaga hasta Ostende, se denominaba Montes Grandes de Juancho y estaba habitada por enormes e ind\u00f3mitas dunas.<\/p>\n<p>Al contar con un medio de transporte cercano, surge la idea de aprovechar tur\u00edsticamente la zona, s\u00f3lo poblada por mar, dunas y m\u00e9danos.<\/p>\n<p>Entonces, los pioneros Ferdinand Robette (belga) y Agust\u00edn Poli (italiano) deciden comprar una fracci\u00f3n de 14 km2 de dunas.A partir de 1909, una compa\u00f1\u00eda belga al mando de Robette encara el ambicioso proyecto que da empleo a trabajadores japoneses que residen a 1 km, en el puesto de estancia Colonia Tokio. Los belgas, nost\u00e1lgicos, llamaron Ostende al lugar, pues les recordaba al balneario del Mar del Norte. De all\u00ed ven\u00edan, y buscaron desarrollar un proyecto urban\u00edstico similar a los balnearios europeos.<\/p>\n<p>Una urbanizaci\u00f3n no habitual, sin lujo pero elegante, inclu\u00eda una avenida central de 50 m de ancho, un hemiciclo y una rambla con pilares y balaustradas, que qued\u00f3 inconclusa y cuyos pin\u00e1culos hoy sobresalen de la arena.[\/vc_column_text][vc_column_text el_class=\u00bbtexto\u00bb]\n<h2>Entre las dunas<\/h2>\n[\/vc_column_text][vc_column_text el_class=\u00bbtexto\u00bb]Ya en el proyecto original estaba previsto un hotel de m\u00e1s de 80 habitaciones, el Hotel Termas, que luego se convertir\u00eda en el Viejo Hotel Ostende, y cuya construcci\u00f3n comenz\u00f3 en 1913.Ofrec\u00eda amplios salones, espacios para juegos, lectura y esgrima, f\u00e1brica de pastas y reposter\u00eda, restaurantes y jardines de invierno.<\/p>\n<p>La llegada al hotel formaba parte de la aventura. Un tren part\u00eda de la estaci\u00f3n Constituci\u00f3n hasta la estaci\u00f3n Juancho. El viaje prosegu\u00eda en volantas hasta la Colonia Tokio, donde comenzaban las dunas y se transbordaba a un peque\u00f1o tren de v\u00edas m\u00f3viles (decauville) que llegaba a destino.Sin embargo, la naturaleza ind\u00f3mita de las dunas complic\u00f3 el sue\u00f1o del balneario. Se inici\u00f3 un plan de forestaci\u00f3n pero su \u00e9xito no dur\u00f3 demasiado y, pronto, varias edificaciones quedaron bajo la arena. Finalmente, la compa\u00f1\u00eda abandon\u00f3 el proyecto. Como testigos quedaron los dos pilares de la antigua rambla, a la altura de la actual Hoster\u00eda Rambla; la casa del fundador de Ostende, Ferdinand Robette (hoy Casa Fasel), la Villa Soldaini; una casa de retiro espiritual utilizada por monjes de la orden salesiana y la construcci\u00f3n m\u00e1s importante de todas: el Viejo Hotel Ostende.<\/p>\n<p>Contaba don Carlos Gesell que, en 1931, al llegar por primera vez a Ostende, tuvo que ingresar al primer piso del edificio por una pasarela de tablones, ya que la arena tapaba completamente la planta baja y los alrededores, aunque, pese a ello, el hotel segu\u00eda funcionando. Las cr\u00f3nicas de los visitantes cuentan cu\u00e1ntas veces ten\u00edan que salir o entrar por las ventanas, lo que a\u00f1ad\u00eda un toque de diversi\u00f3n a la estad\u00eda, sobre todo para los ni\u00f1os.[\/vc_column_text][\/vc_column_inner][\/vc_row_inner][qode_content_slider auto_rotate=\u00bb10&#8243; enable_drag=\u00bbyes\u00bb direction_nav=\u00bbyes\u00bb control_nav=\u00bbno\u00bb control_nav_justify=\u00bbno\u00bb pause_on_hover=\u00bbno\u00bb][qode_content_slider_item]<div class=\"image_with_text\"><img decoding=\"async\" itemprop=\"image\" src=\"https:\/\/www.viejohotelostende.com.ar\/home\/wp-content\/uploads\/100anios_06.jpg\" alt=\"La familia de Am\u00e9rico Mazzanti en la escalinata del hotel, 1933 (Archivo Buela)\" \/><h4 >La familia de Am\u00e9rico Mazzanti en la escalinata del hotel, 1933 (Archivo Buela)<\/h4><span style=\"margin: 6px 0px;\" class=\"separator transparent\"><\/span><\/div>[\/qode_content_slider_item][qode_content_slider_item]<div class=\"image_with_text\"><img decoding=\"async\" itemprop=\"image\" src=\"https:\/\/www.viejohotelostende.com.ar\/home\/wp-content\/uploads\/100anios_07.jpg\" alt=\"Folleto promocionando el balneario Ostende, circa 1945 (Archivo VHO)\" \/><h4 >Folleto promocionando el balneario Ostende, circa 1945 (Archivo VHO)<\/h4><span style=\"margin: 6px 0px;\" class=\"separator transparent\"><\/span><\/div>[\/qode_content_slider_item][qode_content_slider_item]<div class=\"image_with_text\"><img decoding=\"async\" itemprop=\"image\" src=\"https:\/\/www.viejohotelostende.com.ar\/home\/wp-content\/uploads\/100anios_08.jpg\" alt=\"Los propietarios del hotel parados en el m\u00e9dano que hoy ocupa la pileta, 1940 (Archivo Picollo)\" \/><h4 >Los propietarios del hotel parados en el m\u00e9dano que hoy ocupa la pileta, 1940 (Archivo Picollo)<\/h4><span style=\"margin: 6px 0px;\" class=\"separator transparent\"><\/span><\/div>[\/qode_content_slider_item][qode_content_slider_item]<div class=\"image_with_text\"><img decoding=\"async\" itemprop=\"image\" src=\"https:\/\/www.viejohotelostende.com.ar\/home\/wp-content\/uploads\/100anios_09.jpg\" alt=\"D\u00eda de playa junto al muelle, circa 1940 (Archivo Schleiter)\" \/><h4 >D\u00eda de playa junto al muelle, circa 1940 (Archivo Schleiter)<\/h4><span style=\"margin: 6px 0px;\" class=\"separator transparent\"><\/span><\/div>[\/qode_content_slider_item][qode_content_slider_item]<div class=\"image_with_text\"><img decoding=\"async\" itemprop=\"image\" src=\"https:\/\/www.viejohotelostende.com.ar\/home\/wp-content\/uploads\/100anios_010.jpg\" alt=\"Remontando un barrilete (Archivo B\u00f6hm)\" \/><h4 >Remontando un barrilete (Archivo B\u00f6hm)<\/h4><span style=\"margin: 6px 0px;\" class=\"separator transparent\"><\/span><\/div>[\/qode_content_slider_item][qode_content_slider_item]<div class=\"image_with_text\"><img decoding=\"async\" itemprop=\"image\" src=\"https:\/\/www.viejohotelostende.com.ar\/home\/wp-content\/uploads\/100anios_011.jpg\" alt=\"Casa de retiro de los monjes salesianos (Archivo Repetto)\" \/><h4 >Casa de retiro de los monjes salesianos (Archivo Repetto)<\/h4><span style=\"margin: 6px 0px;\" class=\"separator transparent\"><\/span><\/div>[\/qode_content_slider_item][qode_content_slider_item]<div class=\"image_with_text\"><img decoding=\"async\" itemprop=\"image\" src=\"https:\/\/www.viejohotelostende.com.ar\/home\/wp-content\/uploads\/100anios_012.jpg\" alt=\"Ni\u00f1os de vacaciones en Ostende, 1924 (Archivo Municipal Madariaga)\" \/><h4 >Ni\u00f1os de vacaciones en Ostende, 1924 (Archivo Municipal Madariaga)<\/h4><span style=\"margin: 6px 0px;\" class=\"separator transparent\"><\/span><\/div>[\/qode_content_slider_item][\/qode_content_slider][vc_row_inner row_type=\u00bbrow\u00bb type=\u00bbfull_width\u00bb text_align=\u00bbleft\u00bb css_animation=\u00bb\u00bb][vc_column_inner][vc_column_text]\n<hr \/>\n[\/vc_column_text][vc_empty_space][vc_column_text el_class=\u00bbtexto\u00bb]\n<h2>Postales literarias<\/h2>\n[\/vc_column_text][vc_column_text el_class=\u00bbtexto\u00bb]El VHO estuvo desde siempre ligado a la literatura, y es asiduamente visitado por escritores y lectores que encuentran aqu\u00ed tanto la tranquilidad como el misterio necesarios para dejarse llevar. Conservamos intacta la habitaci\u00f3n en la que se aloj\u00f3 el escritor franc\u00e9s Antoine de Saint Exupery, autor de El Principito, quien se hosped\u00f3 en el hotel durante dos veranos consecutivos a principios del siglo XX. Puede visitarse en el primer piso.<\/p>\n<p>Los escritores argentinos Adolfo Bioy Casares y Silvina Ocampo conocieron el hotel en la d\u00e9cada de 1940, y se inspiraron en este entorno para escribir su novela policial Los que aman, odian, en la que el VHO aparece como una imagen fantasmag\u00f3rica entre las dunas, suscitando todo tipo de fabulaciones.[\/vc_column_text][vc_column_text el_class=\u00bbtexto\u00bb]\n<h2>La construcci\u00f3n del relato<\/h2>\n[\/vc_column_text][vc_column_text el_class=\u00bbtexto\u00bb]Los viajeros que han disfrutado sus veraneos en el Viejo Hotel Ostende tambi\u00e9n tienen historias fascinantes para contar. El hotel continuamente recibe cartas, recuerdos y agradecimientos de quienes han pasado en \u00e9l momentos inolvidables. Un hombre, por ejemplo, cuenta que naci\u00f3 en el Hotel el mismo d\u00eda que una ballena qued\u00f3 varada en la playa (la quijada del animal est\u00e1 expuesta en una galer\u00eda del primer piso). Un pionero, hijo de uno de los alba\u00f1iles que levantaron el hotel, relata que su hermana Rosa fue la primera mujer nacida en el hotel y que estuvo a punto de llamarse Ostendina. Una veraneante de los a\u00f1os treinta recuerda a un matrimonio que se sentaba a la mesa con su can y exig\u00eda al personal que al perro le sirvieran su comida en la vajilla del hotel como a cualquier otro comensal.<\/p>\n<p>Estas y muchas otras an\u00e9cdotas fueron trazando el perfil de nuestro Hotel, que no s\u00f3lo no pierde vigencia, sino que gana en estilo, tradici\u00f3n y voluntad permanente de renovaci\u00f3n.<\/p>\n<p>Al atravesar sus puertas es sencillo e inevitable viajar hacia el pasado, perderse en \u00e9l y regresar r\u00e1pidamente al presente para disfrutar la sombra del patio junto a la pileta, con la cuota justa de nostalgia.[\/vc_column_text][\/vc_column_inner][\/vc_row_inner][qode_content_slider auto_rotate=\u00bb10&#8243; enable_drag=\u00bbyes\u00bb direction_nav=\u00bbyes\u00bb control_nav=\u00bbno\u00bb control_nav_justify=\u00bbno\u00bb pause_on_hover=\u00bbno\u00bb][qode_content_slider_item]<div class=\"image_with_text\"><img decoding=\"async\" itemprop=\"image\" src=\"https:\/\/www.viejohotelostende.com.ar\/home\/wp-content\/uploads\/100anios_013.jpg\" alt=\"La habitaci\u00f3n donde dorm\u00eda Saint-Exupery (Archivo VHO)\" \/><h4 >La habitaci\u00f3n donde dorm\u00eda Saint-Exupery (Archivo VHO)<\/h4><span style=\"margin: 6px 0px;\" class=\"separator transparent\"><\/span><\/div>[\/qode_content_slider_item][qode_content_slider_item]<div class=\"image_with_text\"><img decoding=\"async\" itemprop=\"image\" src=\"https:\/\/www.viejohotelostende.com.ar\/home\/wp-content\/uploads\/100anios_014.jpg\" alt=\"Adolfo Bioy Casares y Silvina Ocampo en la playa (Archivo Atl\u00e1ntida)\" \/><h4 >Adolfo Bioy Casares y Silvina Ocampo en la playa (Archivo Atl\u00e1ntida)<\/h4><span style=\"margin: 6px 0px;\" class=\"separator transparent\"><\/span><\/div>[\/qode_content_slider_item][qode_content_slider_item]<div class=\"image_with_text\"><img decoding=\"async\" itemprop=\"image\" src=\"https:\/\/www.viejohotelostende.com.ar\/home\/wp-content\/uploads\/100anios_015.jpg\" alt=\"Un mar de arena, 1941. (Archivo Atl\u00e1ntida)\" \/><h4 >Un mar de arena, 1941. (Archivo Atl\u00e1ntida)<\/h4><span style=\"margin: 6px 0px;\" class=\"separator transparent\"><\/span><\/div>[\/qode_content_slider_item][qode_content_slider_item]<div class=\"image_with_text\"><img decoding=\"async\" itemprop=\"image\" src=\"https:\/\/www.viejohotelostende.com.ar\/home\/wp-content\/uploads\/100anios_016.jpg\" alt=\"Maria Luisa Parmentier, habitu\u00e9 desde las primeras temporadas (Archivo Menvielle)\" \/><h4 >Maria Luisa Parmentier, habitu\u00e9 desde las primeras temporadas (Archivo Menvielle)<\/h4><span style=\"margin: 6px 0px;\" class=\"separator transparent\"><\/span><\/div>[\/qode_content_slider_item][qode_content_slider_item]<div class=\"image_with_text\"><img decoding=\"async\" itemprop=\"image\" src=\"https:\/\/www.viejohotelostende.com.ar\/home\/wp-content\/uploads\/100anios_017.jpg\" alt=\"Panorama de Ostende en la d\u00e9cada del 30 (Archivo VHO)\" \/><h4 >Panorama de Ostende en la d\u00e9cada del 30 (Archivo VHO)<\/h4><span style=\"margin: 6px 0px;\" class=\"separator transparent\"><\/span><\/div>[\/qode_content_slider_item][\/qode_content_slider][\/vc_column][\/vc_row]\n<\/section>","protected":false},"excerpt":{"rendered":"<p>[vc_row css_animation=\u00bb\u00bb row_type=\u00bbrow\u00bb use_row_as_full_screen_section=\u00bbno\u00bb type=\u00bbfull_width\u00bb angled_section=\u00bbno\u00bb text_align=\u00bbcenter\u00bb background_image_as_pattern=\u00bbwithout_pattern\u00bb z_index=\u00bb\u00bb][vc_column offset=\u00bbvc_hidden-lg vc_hidden-md vc_hidden-sm\u00bb][vc_row_inner row_type=\u00bbrow\u00bb type=\u00bbgrid\u00bb text_align=\u00bbcenter\u00bb css_animation=\u00bb\u00bb css=\u00bb.vc_custom_1695580380231{margin-right: 0px !important;margin-left: 0px !important;background-image: url(https:\/\/www.viejohotelostende.com.ar\/home\/wp-content\/uploads\/bn_100.jpg?id=470) !important;}\u00bb el_class=\u00bbbanner\u00bb][vc_column_inner][vc_column_text] Historia [\/vc_column_text][\/vc_column_inner][\/vc_row_inner][\/vc_column][\/vc_row][vc_row css_animation=\u00bb\u00bb row_type=\u00bbrow\u00bb use_row_as_full_screen_section=\u00bbno\u00bb type=\u00bbgrid\u00bb angled_section=\u00bbno\u00bb text_align=\u00bbcenter\u00bb background_image_as_pattern=\u00bbwithout_pattern\u00bb css=\u00bb.vc_custom_1695402231717{padding-bottom: 55px !important;}\u00bb z_index=\u00bb\u00bb][vc_column][vc_row_inner row_type=\u00bbrow\u00bb type=\u00bbgrid\u00bb text_align=\u00bbcenter\u00bb css_animation=\u00bb\u00bb css=\u00bb.vc_custom_1696013224913{margin-right: 0px !important;margin-left: 0px&#8230;<\/p>\n","protected":false},"author":1,"featured_media":0,"parent":0,"menu_order":0,"comment_status":"closed","ping_status":"closed","template":"full_width.php","meta":{"inline_featured_image":false,"footnotes":""},"class_list":["post-464","page","type-page","status-publish","hentry"],"_links":{"self":[{"href":"https:\/\/www.viejohotelostende.com.ar\/home\/wp-json\/wp\/v2\/pages\/464"}],"collection":[{"href":"https:\/\/www.viejohotelostende.com.ar\/home\/wp-json\/wp\/v2\/pages"}],"about":[{"href":"https:\/\/www.viejohotelostende.com.ar\/home\/wp-json\/wp\/v2\/types\/page"}],"author":[{"embeddable":true,"href":"https:\/\/www.viejohotelostende.com.ar\/home\/wp-json\/wp\/v2\/users\/1"}],"replies":[{"embeddable":true,"href":"https:\/\/www.viejohotelostende.com.ar\/home\/wp-json\/wp\/v2\/comments?post=464"}],"version-history":[{"count":15,"href":"https:\/\/www.viejohotelostende.com.ar\/home\/wp-json\/wp\/v2\/pages\/464\/revisions"}],"predecessor-version":[{"id":637,"href":"https:\/\/www.viejohotelostende.com.ar\/home\/wp-json\/wp\/v2\/pages\/464\/revisions\/637"}],"wp:attachment":[{"href":"https:\/\/www.viejohotelostende.com.ar\/home\/wp-json\/wp\/v2\/media?parent=464"}],"curies":[{"name":"wp","href":"https:\/\/api.w.org\/{rel}","templated":true}]}}