{"id":390,"date":"2023-09-23T14:41:38","date_gmt":"2023-09-23T17:41:38","guid":{"rendered":"https:\/\/www.viejohotelostende.com.ar\/home\/?page_id=390"},"modified":"2023-10-03T17:48:33","modified_gmt":"2023-10-03T20:48:33","slug":"en_el_hotel","status":"publish","type":"page","link":"https:\/\/www.viejohotelostende.com.ar\/home\/es\/en_el_hotel\/","title":{"rendered":"En el hotel"},"content":{"rendered":"<section class=\"wpb-content-wrapper\">[vc_row css_animation=\u00bb\u00bb row_type=\u00bbrow\u00bb use_row_as_full_screen_section=\u00bbno\u00bb type=\u00bbfull_width\u00bb angled_section=\u00bbno\u00bb text_align=\u00bbcenter\u00bb background_image_as_pattern=\u00bbwithout_pattern\u00bb z_index=\u00bb\u00bb][vc_column offset=\u00bbvc_hidden-lg vc_hidden-md vc_hidden-sm\u00bb][vc_row_inner row_type=\u00bbrow\u00bb type=\u00bbgrid\u00bb text_align=\u00bbcenter\u00bb css_animation=\u00bb\u00bb css=\u00bb.vc_custom_1695491468252{margin-right: 0px !important;margin-left: 0px !important;background-image: url(https:\/\/www.viejohotelostende.com.ar\/home\/wp-content\/uploads\/bn_enelhotel.jpg?id=393) !important;}\u00bb el_class=\u00bbbanner\u00bb][vc_column_inner][vc_column_text]\n<h1>En el hotel<\/h1>\n[\/vc_column_text][\/vc_column_inner][\/vc_row_inner][\/vc_column][\/vc_row][vc_row css_animation=\u00bb\u00bb row_type=\u00bbrow\u00bb use_row_as_full_screen_section=\u00bbno\u00bb type=\u00bbgrid\u00bb angled_section=\u00bbno\u00bb text_align=\u00bbcenter\u00bb background_image_as_pattern=\u00bbwithout_pattern\u00bb css=\u00bb.vc_custom_1695402231717{padding-bottom: 55px !important;}\u00bb z_index=\u00bb\u00bb][vc_column][vc_row_inner row_type=\u00bbrow\u00bb type=\u00bbgrid\u00bb text_align=\u00bbcenter\u00bb css_animation=\u00bb\u00bb css=\u00bb.vc_custom_1696012503872{margin-right: 0px !important;margin-left: 0px !important;background-image: url(https:\/\/www.viejohotelostende.com.ar\/home\/wp-content\/uploads\/bn_enelhotel.jpg?id=393) !important;}\u00bb el_class=\u00bbbanner bannerdesktop\u00bb][vc_column_inner][vc_column_text]\n<h1>En el hotel<\/h1>\n[\/vc_column_text][\/vc_column_inner][\/vc_row_inner][vc_row_inner row_type=\u00bbrow\u00bb type=\u00bbfull_width\u00bb text_align=\u00bbleft\u00bb css_animation=\u00bb\u00bb][vc_column_inner][vc_empty_space][vc_column_text el_class=\u00bbtexto\u00bb]\n<h2>Restaurante<\/h2>\n[\/vc_column_text][vc_column_text el_class=\u00bbtexto\u00bb]El restaurante del VHO funciona en el amplio sal\u00f3n del primer piso del hotel. Decorado con muebles y detalles de \u00e9poca es el espacio ideal para iniciar el d\u00eda con un desayuno continental. Durante las noches, arm\u00f3nicas y sobrias, la propuesta gastron\u00f3mica contempla una amplia variedad de platos, de elaboraci\u00f3n propia, realizados con productos frescos de la zona.[\/vc_column_text][vc_column_text el_class=\u00bbtexto\u00bb]\n<h2>Bar<\/h2>\n[\/vc_column_text][vc_column_text el_class=\u00bbtexto\u00bb]C\u00e1lido y con un estilo propio es el lugar m\u00e1s elegido del hotel como punto de encuentro. Al atardecer o al finalizar el d\u00eda el bar invita a tomar una copa y ofrece una amplia variedad de bebidas nacionales e importadas y una carta de tragos de autor. Es tambi\u00e9n el escenario para charlas, talleres y conciertos que se desarrollan en el hotel.[\/vc_column_text][\/vc_column_inner][\/vc_row_inner][vc_row_inner row_type=\u00bbrow\u00bb type=\u00bbfull_width\u00bb text_align=\u00bbleft\u00bb css_animation=\u00bb\u00bb][vc_column_inner][qode_content_slider auto_rotate=\u00bb0&#8243; enable_drag=\u00bbyes\u00bb direction_nav=\u00bbyes\u00bb control_nav=\u00bbno\u00bb][qode_content_slider_item][vc_single_image image=\u00bb397&#8243; img_size=\u00bbfull\u00bb qode_css_animation=\u00bb\u00bb][\/qode_content_slider_item][qode_content_slider_item][vc_single_image image=\u00bb398&#8243; img_size=\u00bbfull\u00bb qode_css_animation=\u00bb\u00bb][\/qode_content_slider_item][qode_content_slider_item][vc_single_image image=\u00bb399&#8243; img_size=\u00bbfull\u00bb qode_css_animation=\u00bb\u00bb][\/qode_content_slider_item][qode_content_slider_item][vc_single_image image=\u00bb401&#8243; img_size=\u00bbfull\u00bb qode_css_animation=\u00bb\u00bb][\/qode_content_slider_item][qode_content_slider_item][vc_single_image image=\u00bb402&#8243; img_size=\u00bbfull\u00bb qode_css_animation=\u00bb\u00bb][\/qode_content_slider_item][qode_content_slider_item][vc_single_image image=\u00bb403&#8243; img_size=\u00bbfull\u00bb qode_css_animation=\u00bb\u00bb][\/qode_content_slider_item][qode_content_slider_item][vc_single_image image=\u00bb404&#8243; img_size=\u00bbfull\u00bb qode_css_animation=\u00bb\u00bb][\/qode_content_slider_item][\/qode_content_slider][\/vc_column_inner][\/vc_row_inner][vc_row_inner row_type=\u00bbrow\u00bb type=\u00bbfull_width\u00bb text_align=\u00bbleft\u00bb css_animation=\u00bb\u00bb][vc_column_inner][vc_column_text]\n<hr \/>\n[\/vc_column_text][vc_empty_space][vc_column_text el_class=\u00bbtexto\u00bb]\n<h2>Pileta<\/h2>\n[\/vc_column_text][vc_column_text el_class=\u00bbtexto\u00bb]Una cuidadosa tarea de restauraci\u00f3n y reciclaje ha transformado el pozo del viejo molino en una magn\u00edfica pileta climatizada, ubicada en un entorno natural con una higuera centenaria comandando el paisaje. La pileta tiene dos sectores: uno m\u00e1s profundo para nadar, y otro apto para los juegos de los ni\u00f1os. Cuenta con servicio permanente de guardavidas.<\/p>\n<p>En el bar de la pileta, antigua panader\u00eda con horno a le\u00f1a (conservado) que prove\u00eda a toda la zona en tiempos de su fundaci\u00f3n, se sirven bebidas y bocadillos durante todo el d\u00eda.[\/vc_column_text][vc_column_text el_class=\u00bbtexto\u00bb]\n<h2>Recreaci\u00f3n<\/h2>\n[\/vc_column_text][vc_column_text el_class=\u00bbtexto\u00bb]El VHO tiene un espacio dedicado a los chicos. Personal especializado se ocupa por las tardes de proponer actividades recreativas y art\u00edsticas para chicos de distintas edades. En un sal\u00f3n, cercano a la pileta, tienen todo lo necesario para divertirse en un \u00e1mbito seguro y relajado. Las actividades promueven juegos compartidos y despliegue de creatividad.[\/vc_column_text][\/vc_column_inner][\/vc_row_inner][vc_row_inner row_type=\u00bbrow\u00bb type=\u00bbfull_width\u00bb text_align=\u00bbleft\u00bb css_animation=\u00bb\u00bb][vc_column_inner][qode_content_slider auto_rotate=\u00bb0&#8243; enable_drag=\u00bbyes\u00bb direction_nav=\u00bbyes\u00bb control_nav=\u00bbno\u00bb][qode_content_slider_item][vc_single_image image=\u00bb418&#8243; img_size=\u00bbfull\u00bb qode_css_animation=\u00bb\u00bb][\/qode_content_slider_item][qode_content_slider_item][vc_single_image image=\u00bb410&#8243; img_size=\u00bbfull\u00bb qode_css_animation=\u00bb\u00bb][\/qode_content_slider_item][qode_content_slider_item][vc_single_image image=\u00bb411&#8243; img_size=\u00bbfull\u00bb qode_css_animation=\u00bb\u00bb][\/qode_content_slider_item][qode_content_slider_item][vc_single_image image=\u00bb412&#8243; img_size=\u00bbfull\u00bb qode_css_animation=\u00bb\u00bb][\/qode_content_slider_item][qode_content_slider_item][vc_single_image image=\u00bb413&#8243; img_size=\u00bbfull\u00bb qode_css_animation=\u00bb\u00bb][\/qode_content_slider_item][qode_content_slider_item][vc_single_image image=\u00bb414&#8243; img_size=\u00bbfull\u00bb qode_css_animation=\u00bb\u00bb][\/qode_content_slider_item][qode_content_slider_item][vc_single_image image=\u00bb415&#8243; img_size=\u00bbfull\u00bb qode_css_animation=\u00bb\u00bb][\/qode_content_slider_item][qode_content_slider_item][vc_single_image image=\u00bb416&#8243; img_size=\u00bbfull\u00bb qode_css_animation=\u00bb\u00bb][\/qode_content_slider_item][qode_content_slider_item][vc_single_image image=\u00bb417&#8243; img_size=\u00bbfull\u00bb qode_css_animation=\u00bb\u00bb][\/qode_content_slider_item][\/qode_content_slider][\/vc_column_inner][\/vc_row_inner][vc_row_inner row_type=\u00bbrow\u00bb type=\u00bbfull_width\u00bb text_align=\u00bbleft\u00bb css_animation=\u00bb\u00bb][vc_column_inner][vc_column_text]\n<hr \/>\n[\/vc_column_text][vc_empty_space][vc_column_text el_class=\u00bbtexto\u00bb]\n<h2>Biblioteca y Microcine<\/h2>\n[\/vc_column_text][vc_column_text el_class=\u00bbtexto\u00bb]Los libros est\u00e1n en el coraz\u00f3n del VHO porque una buena historia puede ser la mejor compa\u00f1\u00eda para los momentos de ocio. El hotel, al igual que muchos hoteles literarios, cuenta con una biblioteca variada con cientos de t\u00edtulos seleccionados, de ficci\u00f3n y no ficci\u00f3n, a disposici\u00f3n de los hu\u00e9spedes. Desde la m\u00edtica colecci\u00f3n Robin Hood, pasando por relatos de ciencia ficci\u00f3n de Bradbury, hasta los cl\u00e1sicos y contempor\u00e1neos de la literatura argentina y extranjera.<\/p>\n<p>El hotel tambi\u00e9n tiene una sala de microcine, con butacas como en los cines de anta\u00f1o y un amplio cat\u00e1logo de lo mejor del cine nacional y extranjero.[\/vc_column_text][vc_column_text el_class=\u00bbtexto\u00bb]\n<h2>Actividades culturales<\/h2>\n[\/vc_column_text][vc_column_text el_class=\u00bbtexto\u00bb]Un hotel con vida cultural. Todas las temporadas el hotel propone una serie de actividades culturales para sus hu\u00e9spedes y tambi\u00e9n para la comunidad. Talleres y charlas, ciclos de cine, m\u00fasica en vivo, presentaciones de libros y muestras de arte.<\/p>\n<p>El VHO se destaca por su amplia participaci\u00f3n en proyectos culturales y ha sido residencia de artistas y escritores, y sede de la Noche de las Ideas desde 2016.<\/p>\n<p>El ciclo Cinemar, con sus m\u00e1gicas proyecciones de cine en la playa, es una idea original del VHO que se lleva adelante hace m\u00e1s de diez a\u00f1os y es una excusa m\u00e1s para combinar mar, amigos y arte.[\/vc_column_text][\/vc_column_inner][\/vc_row_inner][vc_row_inner row_type=\u00bbrow\u00bb type=\u00bbfull_width\u00bb text_align=\u00bbleft\u00bb css_animation=\u00bb\u00bb][vc_column_inner][qode_content_slider auto_rotate=\u00bb0&#8243; enable_drag=\u00bbyes\u00bb direction_nav=\u00bbyes\u00bb control_nav=\u00bbno\u00bb][qode_content_slider_item][vc_single_image image=\u00bb421&#8243; img_size=\u00bbfull\u00bb qode_css_animation=\u00bb\u00bb][\/qode_content_slider_item][qode_content_slider_item][vc_single_image image=\u00bb422&#8243; img_size=\u00bbfull\u00bb qode_css_animation=\u00bb\u00bb][\/qode_content_slider_item][qode_content_slider_item][vc_single_image image=\u00bb423&#8243; img_size=\u00bbfull\u00bb qode_css_animation=\u00bb\u00bb][\/qode_content_slider_item][qode_content_slider_item][vc_single_image image=\u00bb424&#8243; img_size=\u00bbfull\u00bb qode_css_animation=\u00bb\u00bb][\/qode_content_slider_item][qode_content_slider_item][vc_single_image image=\u00bb425&#8243; img_size=\u00bbfull\u00bb qode_css_animation=\u00bb\u00bb][\/qode_content_slider_item][qode_content_slider_item][vc_single_image image=\u00bb427&#8243; img_size=\u00bbfull\u00bb qode_css_animation=\u00bb\u00bb][\/qode_content_slider_item][qode_content_slider_item][vc_single_image image=\u00bb428&#8243; img_size=\u00bbfull\u00bb qode_css_animation=\u00bb\u00bb][\/qode_content_slider_item][qode_content_slider_item][vc_single_image image=\u00bb429&#8243; img_size=\u00bbfull\u00bb qode_css_animation=\u00bb\u00bb][\/qode_content_slider_item][qode_content_slider_item][vc_single_image image=\u00bb430&#8243; img_size=\u00bbfull\u00bb qode_css_animation=\u00bb\u00bb][\/qode_content_slider_item][\/qode_content_slider][\/vc_column_inner][\/vc_row_inner][\/vc_column][\/vc_row]\n<\/section>","protected":false},"excerpt":{"rendered":"<p>[vc_row css_animation=\u00bb\u00bb row_type=\u00bbrow\u00bb use_row_as_full_screen_section=\u00bbno\u00bb type=\u00bbfull_width\u00bb angled_section=\u00bbno\u00bb text_align=\u00bbcenter\u00bb background_image_as_pattern=\u00bbwithout_pattern\u00bb z_index=\u00bb\u00bb][vc_column offset=\u00bbvc_hidden-lg vc_hidden-md vc_hidden-sm\u00bb][vc_row_inner row_type=\u00bbrow\u00bb type=\u00bbgrid\u00bb text_align=\u00bbcenter\u00bb css_animation=\u00bb\u00bb css=\u00bb.vc_custom_1695491468252{margin-right: 0px !important;margin-left: 0px !important;background-image: url(https:\/\/www.viejohotelostende.com.ar\/home\/wp-content\/uploads\/bn_enelhotel.jpg?id=393) !important;}\u00bb el_class=\u00bbbanner\u00bb][vc_column_inner][vc_column_text] En el hotel [\/vc_column_text][\/vc_column_inner][\/vc_row_inner][\/vc_column][\/vc_row][vc_row css_animation=\u00bb\u00bb row_type=\u00bbrow\u00bb use_row_as_full_screen_section=\u00bbno\u00bb type=\u00bbgrid\u00bb angled_section=\u00bbno\u00bb text_align=\u00bbcenter\u00bb background_image_as_pattern=\u00bbwithout_pattern\u00bb css=\u00bb.vc_custom_1695402231717{padding-bottom: 55px !important;}\u00bb z_index=\u00bb\u00bb][vc_column][vc_row_inner row_type=\u00bbrow\u00bb type=\u00bbgrid\u00bb text_align=\u00bbcenter\u00bb css_animation=\u00bb\u00bb css=\u00bb.vc_custom_1696012503872{margin-right: 0px&#8230;<\/p>\n","protected":false},"author":1,"featured_media":0,"parent":0,"menu_order":0,"comment_status":"closed","ping_status":"closed","template":"full_width.php","meta":{"inline_featured_image":false,"footnotes":""},"class_list":["post-390","page","type-page","status-publish","hentry"],"_links":{"self":[{"href":"https:\/\/www.viejohotelostende.com.ar\/home\/wp-json\/wp\/v2\/pages\/390"}],"collection":[{"href":"https:\/\/www.viejohotelostende.com.ar\/home\/wp-json\/wp\/v2\/pages"}],"about":[{"href":"https:\/\/www.viejohotelostende.com.ar\/home\/wp-json\/wp\/v2\/types\/page"}],"author":[{"embeddable":true,"href":"https:\/\/www.viejohotelostende.com.ar\/home\/wp-json\/wp\/v2\/users\/1"}],"replies":[{"embeddable":true,"href":"https:\/\/www.viejohotelostende.com.ar\/home\/wp-json\/wp\/v2\/comments?post=390"}],"version-history":[{"count":18,"href":"https:\/\/www.viejohotelostende.com.ar\/home\/wp-json\/wp\/v2\/pages\/390\/revisions"}],"predecessor-version":[{"id":707,"href":"https:\/\/www.viejohotelostende.com.ar\/home\/wp-json\/wp\/v2\/pages\/390\/revisions\/707"}],"wp:attachment":[{"href":"https:\/\/www.viejohotelostende.com.ar\/home\/wp-json\/wp\/v2\/media?parent=390"}],"curies":[{"name":"wp","href":"https:\/\/api.w.org\/{rel}","templated":true}]}}