{"id":321,"date":"2023-09-22T14:42:04","date_gmt":"2023-09-22T17:42:04","guid":{"rendered":"https:\/\/www.viejohotelostende.com.ar\/home\/?page_id=321"},"modified":"2023-09-29T15:06:10","modified_gmt":"2023-09-29T18:06:10","slug":"nuestros_servicios","status":"publish","type":"page","link":"https:\/\/www.viejohotelostende.com.ar\/home\/es\/nuestros_servicios\/","title":{"rendered":"Servicios"},"content":{"rendered":"<section class=\"wpb-content-wrapper\">[vc_row css_animation=\u00bb\u00bb row_type=\u00bbrow\u00bb use_row_as_full_screen_section=\u00bbno\u00bb type=\u00bbfull_width\u00bb angled_section=\u00bbno\u00bb text_align=\u00bbcenter\u00bb background_image_as_pattern=\u00bbwithout_pattern\u00bb z_index=\u00bb\u00bb][vc_column offset=\u00bbvc_hidden-lg vc_hidden-md vc_hidden-sm\u00bb][vc_row_inner row_type=\u00bbrow\u00bb type=\u00bbgrid\u00bb text_align=\u00bbcenter\u00bb css_animation=\u00bb\u00bb css=\u00bb.vc_custom_1695404389285{margin-right: 0px !important;margin-left: 0px !important;background-image: url(https:\/\/www.viejohotelostende.com.ar\/home\/wp-content\/uploads\/bn_servicios.jpg?id=322) !important;}\u00bb el_class=\u00bbbanner\u00bb][vc_column_inner][vc_column_text]\n<h1>Servicios<\/h1>\n[\/vc_column_text][\/vc_column_inner][\/vc_row_inner][\/vc_column][\/vc_row][vc_row css_animation=\u00bb\u00bb row_type=\u00bbrow\u00bb use_row_as_full_screen_section=\u00bbno\u00bb type=\u00bbgrid\u00bb angled_section=\u00bbno\u00bb text_align=\u00bbcenter\u00bb background_image_as_pattern=\u00bbwithout_pattern\u00bb css=\u00bb.vc_custom_1695402231717{padding-bottom: 55px !important;}\u00bb z_index=\u00bb\u00bb][vc_column][vc_row_inner row_type=\u00bbrow\u00bb type=\u00bbgrid\u00bb text_align=\u00bbcenter\u00bb css_animation=\u00bb\u00bb css=\u00bb.vc_custom_1696010757675{margin-right: 0px !important;margin-left: 0px !important;background-image: url(https:\/\/www.viejohotelostende.com.ar\/home\/wp-content\/uploads\/bn_servicios.jpg?id=322) !important;}\u00bb el_class=\u00bbbanner bannerdesktop\u00bb][vc_column_inner][vc_column_text]\n<h1>Servicios<\/h1>\n[\/vc_column_text][\/vc_column_inner][\/vc_row_inner][vc_row_inner row_type=\u00bbrow\u00bb type=\u00bbfull_width\u00bb text_align=\u00bbleft\u00bb css_animation=\u00bb\u00bb][vc_column_inner][vc_empty_space][vc_column_text el_class=\u00bbtexto\u00bb]Nuestro hotel est\u00e1 abierto al p\u00fablico desde 1913. Su fisonom\u00eda fue variando al comp\u00e1s del tiempo y de las decisiones caprichosas de las dunas. Mantiene sectores del edificio original, como sus mosaicos fabricados en el propio hotel hace cien a\u00f1os, mobiliario, vajilla, y piezas que ocupan un lugar central en nuestra decoraci\u00f3n, como la antigua m\u00e1quina de escribir y la c\u00e1mara de fotos. En su murmullo permanente, los objetos van relatando la historia.[\/vc_column_text][vc_column_text el_class=\u00bbtexto\u00bb]El VHO se caracteriza por sus m\u00e1gicos rincones, como el hogar a le\u00f1a en la sala de estar, el elegante bar con su piano, el jard\u00edn y la pileta.[\/vc_column_text][vc_column_text el_class=\u00bbtexto\u00bb]Priorizamos el trato respetuoso, aqu\u00ed las personas atienden a personas. Cuidar el patrimonio natural e hist\u00f3rico es para nosotros una prioridad, incluyendo un recurso cada vez m\u00e1s escaso, el agua.[\/vc_column_text][vc_column_text el_class=\u00bbtexto\u00bb]Las actividades culturales, como las ya cl\u00e1sicas proyecciones de cine en la playa, los encuentros de artistas y los talleres para hu\u00e9spedes, caracterizan al VHO.[\/vc_column_text][vc_column_text el_class=\u00bbtexto\u00bb]Lo invitamos a conocer lo que ofrecemos tanto\u00a0<a href=\"https:\/\/www.viejohotelostende.com.ar\/es\/en_el_hotel\">en el hotel<\/a>\u00a0como\u00a0<a href=\"https:\/\/www.viejohotelostende.com.ar\/es\/en_la_playa\">en la playa<\/a>.[\/vc_column_text][\/vc_column_inner][\/vc_row_inner][\/vc_column][\/vc_row]\n<\/section>","protected":false},"excerpt":{"rendered":"<p>[vc_row css_animation=\u00bb\u00bb row_type=\u00bbrow\u00bb use_row_as_full_screen_section=\u00bbno\u00bb type=\u00bbfull_width\u00bb angled_section=\u00bbno\u00bb text_align=\u00bbcenter\u00bb background_image_as_pattern=\u00bbwithout_pattern\u00bb z_index=\u00bb\u00bb][vc_column offset=\u00bbvc_hidden-lg vc_hidden-md vc_hidden-sm\u00bb][vc_row_inner row_type=\u00bbrow\u00bb type=\u00bbgrid\u00bb text_align=\u00bbcenter\u00bb css_animation=\u00bb\u00bb css=\u00bb.vc_custom_1695404389285{margin-right: 0px !important;margin-left: 0px !important;background-image: url(https:\/\/www.viejohotelostende.com.ar\/home\/wp-content\/uploads\/bn_servicios.jpg?id=322) !important;}\u00bb el_class=\u00bbbanner\u00bb][vc_column_inner][vc_column_text] Servicios [\/vc_column_text][\/vc_column_inner][\/vc_row_inner][\/vc_column][\/vc_row][vc_row css_animation=\u00bb\u00bb row_type=\u00bbrow\u00bb use_row_as_full_screen_section=\u00bbno\u00bb type=\u00bbgrid\u00bb angled_section=\u00bbno\u00bb text_align=\u00bbcenter\u00bb background_image_as_pattern=\u00bbwithout_pattern\u00bb css=\u00bb.vc_custom_1695402231717{padding-bottom: 55px !important;}\u00bb z_index=\u00bb\u00bb][vc_column][vc_row_inner row_type=\u00bbrow\u00bb type=\u00bbgrid\u00bb text_align=\u00bbcenter\u00bb css_animation=\u00bb\u00bb css=\u00bb.vc_custom_1696010757675{margin-right: 0px !important;margin-left: 0px&#8230;<\/p>\n","protected":false},"author":1,"featured_media":0,"parent":0,"menu_order":0,"comment_status":"closed","ping_status":"closed","template":"full_width.php","meta":{"inline_featured_image":false,"footnotes":""},"class_list":["post-321","page","type-page","status-publish","hentry"],"_links":{"self":[{"href":"https:\/\/www.viejohotelostende.com.ar\/home\/wp-json\/wp\/v2\/pages\/321"}],"collection":[{"href":"https:\/\/www.viejohotelostende.com.ar\/home\/wp-json\/wp\/v2\/pages"}],"about":[{"href":"https:\/\/www.viejohotelostende.com.ar\/home\/wp-json\/wp\/v2\/types\/page"}],"author":[{"embeddable":true,"href":"https:\/\/www.viejohotelostende.com.ar\/home\/wp-json\/wp\/v2\/users\/1"}],"replies":[{"embeddable":true,"href":"https:\/\/www.viejohotelostende.com.ar\/home\/wp-json\/wp\/v2\/comments?post=321"}],"version-history":[{"count":3,"href":"https:\/\/www.viejohotelostende.com.ar\/home\/wp-json\/wp\/v2\/pages\/321\/revisions"}],"predecessor-version":[{"id":631,"href":"https:\/\/www.viejohotelostende.com.ar\/home\/wp-json\/wp\/v2\/pages\/321\/revisions\/631"}],"wp:attachment":[{"href":"https:\/\/www.viejohotelostende.com.ar\/home\/wp-json\/wp\/v2\/media?parent=321"}],"curies":[{"name":"wp","href":"https:\/\/api.w.org\/{rel}","templated":true}]}}